{"id":511,"date":"2017-04-12T19:27:47","date_gmt":"2017-04-12T22:27:47","guid":{"rendered":"http:\/\/construshop-com-ar.host213.static.digitar.net\/?page_id=511"},"modified":"2021-05-07T15:38:01","modified_gmt":"2021-05-07T18:38:01","slug":"inicio","status":"publish","type":"page","link":"https:\/\/construshop.com.ar\/","title":{"rendered":"Inicio"},"content":{"rendered":"<p>[et_pb_section fb_built=&#8221;1&#8243; custom_padding=&#8221;0px|0px|0px|0px&#8221; fullwidth=&#8221;on&#8221; admin_label=&#8221;Secci\u00f3n&#8221; _builder_version=&#8221;3.0.47&#8243;][et_pb_fullwidth_slider auto=&#8221;on&#8221; auto_speed=&#8221;3000&#8243; auto_ignore_hover=&#8221;on&#8221; bottom_padding=&#8221;300px&#8221; bottom_padding_tablet=&#8221;250px&#8221; bottom_padding_last_edited=&#8221;on|phone&#8221; admin_label=&#8221;Slider&#8221; _builder_version=&#8221;3.0.51&#8243; saved_tabs=&#8221;all&#8221;][et_pb_slide background_image=&#8221;https:\/\/construshop.com.ar\/wp-content\/uploads\/2021\/04\/diapo1.png&#8221; admin_title=&#8221;Foto 2&#8243; _builder_version=&#8221;3.0.47&#8243;][\/et_pb_slide][et_pb_slide background_image=&#8221;https:\/\/construshop.com.ar\/wp-content\/uploads\/2021\/04\/diapo2.png&#8221; admin_title=&#8221;Foto 3&#8243; _builder_version=&#8221;3.0.47&#8243;][\/et_pb_slide][et_pb_slide background_image=&#8221;https:\/\/construshop.com.ar\/wp-content\/uploads\/2021\/04\/diapo3.png&#8221; use_bg_overlay=&#8221;off&#8221; use_text_overlay=&#8221;off&#8221; admin_title=&#8221;Foto 1&#8243; _builder_version=&#8221;3.0.47&#8243; header_font=&#8221;||||&#8221; body_font=&#8221;||||&#8221; button_icon_placement=&#8221;right&#8221; button_on_hover=&#8221;on&#8221;][\/et_pb_slide][\/et_pb_fullwidth_slider][\/et_pb_section][et_pb_section fb_built=&#8221;1&#8243; custom_padding=&#8221;0px|0px|0px|0px&#8221; fullwidth=&#8221;on&#8221; admin_label=&#8221;Secci\u00f3n&#8221; _builder_version=&#8221;3.0.51&#8243;][et_pb_fullwidth_header title=&#8221;\u00a1M\u00e1s de 65 a\u00f1os ayud\u00e1ndolo a concretar sus proyectos habitacionales!&#8221; background_layout=&#8221;dark&#8221; text_orientation=&#8221;justified&#8221; admin_label=&#8221;Slogan&#8221; _builder_version=&#8221;3.0.51&#8243; title_font=&#8221;Montserrat|on|||&#8221; title_font_size=&#8221;28px&#8221; title_font_size_tablet=&#8221;14&#8243; title_font_size_last_edited=&#8221;on|desktop&#8221; background_color=&#8221;#ed172d&#8221; background_image=&#8221;http:\/\/construshop-com-ar.host213.static.digitar.net\/wp-content\/uploads\/2017\/04\/background-slogan-3.jpg&#8221; background_url=&#8221;http:\/\/construshop-com-ar.host213.static.digitar.net\/wp-content\/uploads\/2017\/04\/background-slogan-3.jpg&#8221;][\/et_pb_fullwidth_header][\/et_pb_section][et_pb_section fb_built=&#8221;1&#8243; custom_padding=&#8221;31px|0px|23px|0px&#8221; admin_label=&#8221;section&#8221; _builder_version=&#8221;3.0.47&#8243;][et_pb_row admin_label=&#8221;row&#8221; _builder_version=&#8221;3.0.47&#8243; background_size=&#8221;initial&#8221; background_position=&#8221;top_left&#8221; background_repeat=&#8221;repeat&#8221;][et_pb_column type=&#8221;1_4&#8243; _builder_version=&#8221;3.0.47&#8243; parallax=&#8221;off&#8221; parallax_method=&#8221;on&#8221;][et_pb_blurb title=&#8221;Trayectoria&#8221; use_icon=&#8221;on&#8221; font_icon=&#8221;%%253%%&#8221; icon_color=&#8221;#aaaaaa&#8221; text_orientation=&#8221;center&#8221; use_icon_font_size=&#8221;on&#8221; icon_font_size=&#8221;70px&#8221; admin_label=&#8221;Experiencia&#8221; _builder_version=&#8221;3.0.47&#8243; header_font=&#8221;||||&#8221; background_size=&#8221;initial&#8221; background_position=&#8221;top_left&#8221; background_repeat=&#8221;repeat&#8221;]<\/p>\n<p>Desde 1954, nuestro principal objetivo es satisfacer las necesidades de los Venadenses y la zona.<\/p>\n<p>[\/et_pb_blurb][\/et_pb_column][et_pb_column type=&#8221;1_4&#8243; _builder_version=&#8221;3.0.47&#8243; parallax=&#8221;off&#8221; parallax_method=&#8221;on&#8221;][et_pb_blurb title=&#8221;Atenci\u00f3n&#8221; use_icon=&#8221;on&#8221; font_icon=&#8221;%%222%%&#8221; icon_color=&#8221;#aaaaaa&#8221; text_orientation=&#8221;center&#8221; use_icon_font_size=&#8221;on&#8221; icon_font_size=&#8221;70px&#8221; max_width_last_edited=&#8221;on|desktop&#8221; admin_label=&#8221;Atenci\u00f3n&#8221; _builder_version=&#8221;3.0.47&#8243; background_size=&#8221;initial&#8221; background_position=&#8221;top_left&#8221; background_repeat=&#8221;repeat&#8221;] Contamos con un equipo altamente capacitado, dedicado\u00a0al asesoramiento integral en materiales para la construcci\u00f3n. [\/et_pb_blurb][\/et_pb_column][et_pb_column type=&#8221;1_4&#8243; _builder_version=&#8221;3.0.47&#8243; parallax=&#8221;off&#8221; parallax_method=&#8221;on&#8221;][et_pb_blurb title=&#8221;Calidad&#8221; use_icon=&#8221;on&#8221; font_icon=&#8221;%%277%%&#8221; icon_color=&#8221;#aaaaaa&#8221; text_orientation=&#8221;center&#8221; use_icon_font_size=&#8221;on&#8221; icon_font_size=&#8221;70px&#8221; max_width_last_edited=&#8221;on|desktop&#8221; admin_label=&#8221;Calidad&#8221; _builder_version=&#8221;3.0.47&#8243; background_size=&#8221;initial&#8221; background_position=&#8221;top_left&#8221; background_repeat=&#8221;repeat&#8221;] Contamos con\u00a0una\u00a0extensa variedad de materiales, de las marcas m\u00e1s reconocidas del mercado. [\/et_pb_blurb][\/et_pb_column][et_pb_column type=&#8221;1_4&#8243; _builder_version=&#8221;3.0.47&#8243; parallax=&#8221;off&#8221; parallax_method=&#8221;on&#8221;][et_pb_blurb title=&#8221;Soporte&#8221; use_icon=&#8221;on&#8221; font_icon=&#8221;%%176%%&#8221; icon_color=&#8221;#aaaaaa&#8221; text_orientation=&#8221;center&#8221; use_icon_font_size=&#8221;on&#8221; icon_font_size=&#8221;70px&#8221; max_width_last_edited=&#8221;on|desktop&#8221; admin_label=&#8221;Soporte&#8221; _builder_version=&#8221;3.0.47&#8243; background_size=&#8221;initial&#8221; background_position=&#8221;top_left&#8221; background_repeat=&#8221;repeat&#8221;] Lo acompa\u00f1amos, brindandole una soluci\u00f3n integral a los requerimientos y demandas de su proyecto. [\/et_pb_blurb][\/et_pb_column][\/et_pb_row][\/et_pb_section][et_pb_section fb_built=&#8221;1&#8243; background_color=&#8221;#222222&#8243; custom_padding=&#8221;5px|0px|0px|0px&#8221; fullwidth=&#8221;on&#8221; admin_label=&#8221;Secci\u00f3n&#8221; _builder_version=&#8221;3.0.47&#8243; background_image=&#8221;http:\/\/construshop-com-ar.host213.static.digitar.net\/wp-content\/uploads\/2017\/04\/saldos-5.jpg&#8221;][et_pb_fullwidth_header title=&#8221;Ven\u00ed a conocer nuestro showroom&#8221; background_layout=&#8221;dark&#8221; text_orientation=&#8221;center&#8221; button_one_url=&#8221;http:\/\/www.construshop.com.ar\/index.php\/liquidaciones\/&#8221; admin_label=&#8221;Tienda de Liquidaciones&#8221; _builder_version=&#8221;3.0.51&#8243; title_font=&#8221;Montserrat|on|||&#8221; title_font_size=&#8221;38px&#8221; custom_button_one=&#8221;on&#8221; button_one_text_size=&#8221;16px&#8221; button_one_text_color=&#8221;#fff961&#8243; button_one_bg_color=&#8221;#e81743&#8243; button_one_text_color_hover=&#8221;#fff961&#8243; button_one_bg_color_hover=&#8221;#e81743&#8243;]<\/p>\n<p>Te inivtamos a nuestro local en Dimmer 1855, Venado Tuerto para que puedas recorrer y conocer todos los productos que tenemos en nuestro local.<\/p>\n<\/p>\n<p>[\/et_pb_fullwidth_header][\/et_pb_section][et_pb_section fb_built=&#8221;1&#8243; fullwidth=&#8221;on&#8221; admin_label=&#8221;Secci\u00f3n&#8221; _builder_version=&#8221;3.0.47&#8243;][et_pb_fullwidth_portfolio show_date=&#8221;off&#8221; background_layout=&#8221;dark&#8221; auto=&#8221;on&#8221; auto_speed=&#8221;2500&#8243; zoom_icon_color=&#8221;#e8e8e8&#8243; hover_icon=&#8221;%%18%%&#8221; admin_label=&#8221;Portfolio de productos&#8221; _builder_version=&#8221;3.0.51&#8243; title_font_size=&#8221;14&#8243; background_size=&#8221;initial&#8221; background_position=&#8221;top_left&#8221; background_repeat=&#8221;repeat&#8221; title_font=&#8221;|on|||&#8221;][\/et_pb_fullwidth_portfolio][\/et_pb_section]<\/p>\n","protected":false},"excerpt":{"rendered":"<p>[et_pb_section fb_built=&#8221;1&#8243; custom_padding=&#8221;0px|0px|0px|0px&#8221; fullwidth=&#8221;on&#8221; admin_label=&#8221;Secci\u00f3n&#8221; _builder_version=&#8221;3.0.47&#8243;][et_pb_fullwidth_slider auto=&#8221;on&#8221; auto_speed=&#8221;3000&#8243; auto_ignore_hover=&#8221;on&#8221; bottom_padding=&#8221;300px&#8221; bottom_padding_tablet=&#8221;250px&#8221; bottom_padding_last_edited=&#8221;on|phone&#8221; admin_label=&#8221;Slider&#8221; _builder_version=&#8221;3.0.51&#8243; saved_tabs=&#8221;all&#8221;][et_pb_slide background_image=&#8221;https:\/\/construshop.com.ar\/wp-content\/uploads\/2021\/04\/diapo1.png&#8221; admin_title=&#8221;Foto 2&#8243; _builder_version=&#8221;3.0.47&#8243;][\/et_pb_slide][et_pb_slide background_image=&#8221;https:\/\/construshop.com.ar\/wp-content\/uploads\/2021\/04\/diapo2.png&#8221; admin_title=&#8221;Foto 3&#8243; _builder_version=&#8221;3.0.47&#8243;][\/et_pb_slide][et_pb_slide background_image=&#8221;https:\/\/construshop.com.ar\/wp-content\/uploads\/2021\/04\/diapo3.png&#8221; use_bg_overlay=&#8221;off&#8221; use_text_overlay=&#8221;off&#8221; admin_title=&#8221;Foto 1&#8243; _builder_version=&#8221;3.0.47&#8243; header_font=&#8221;||||&#8221; body_font=&#8221;||||&#8221; button_icon_placement=&#8221;right&#8221; button_on_hover=&#8221;on&#8221;][\/et_pb_slide][\/et_pb_fullwidth_slider][\/et_pb_section][et_pb_section fb_built=&#8221;1&#8243; custom_padding=&#8221;0px|0px|0px|0px&#8221; fullwidth=&#8221;on&#8221; admin_label=&#8221;Secci\u00f3n&#8221; _builder_version=&#8221;3.0.51&#8243;][et_pb_fullwidth_header title=&#8221;\u00a1M\u00e1s de 65 a\u00f1os ayud\u00e1ndolo a concretar sus proyectos habitacionales!&#8221; background_layout=&#8221;dark&#8221; text_orientation=&#8221;justified&#8221; admin_label=&#8221;Slogan&#8221; _builder_version=&#8221;3.0.51&#8243; title_font=&#8221;Montserrat|on|||&#8221; title_font_size=&#8221;28px&#8221; title_font_size_tablet=&#8221;14&#8243; [&hellip;]<\/p>\n","protected":false},"author":1,"featured_media":0,"parent":0,"menu_order":0,"comment_status":"closed","ping_status":"closed","template":"","meta":{"spay_email":""},"_links":{"self":[{"href":"https:\/\/construshop.com.ar\/index.php\/wp-json\/wp\/v2\/pages\/511"}],"collection":[{"href":"https:\/\/construshop.com.ar\/index.php\/wp-json\/wp\/v2\/pages"}],"about":[{"href":"https:\/\/construshop.com.ar\/index.php\/wp-json\/wp\/v2\/types\/page"}],"author":[{"embeddable":true,"href":"https:\/\/construshop.com.ar\/index.php\/wp-json\/wp\/v2\/users\/1"}],"replies":[{"embeddable":true,"href":"https:\/\/construshop.com.ar\/index.php\/wp-json\/wp\/v2\/comments?post=511"}],"version-history":[{"count":46,"href":"https:\/\/construshop.com.ar\/index.php\/wp-json\/wp\/v2\/pages\/511\/revisions"}],"predecessor-version":[{"id":234950,"href":"https:\/\/construshop.com.ar\/index.php\/wp-json\/wp\/v2\/pages\/511\/revisions\/234950"}],"wp:attachment":[{"href":"https:\/\/construshop.com.ar\/index.php\/wp-json\/wp\/v2\/media?parent=511"}],"curies":[{"name":"wp","href":"https:\/\/api.w.org\/{rel}","templated":true}]}}